{"id":102,"date":"2022-12-14T11:31:07","date_gmt":"2022-12-14T10:31:07","guid":{"rendered":"http:\/\/www.tresorderhum.fr\/?page_id=102"},"modified":"2023-04-29T11:51:20","modified_gmt":"2023-04-29T09:51:20","slug":"histoire-du-rhum","status":"publish","type":"page","link":"https:\/\/www.tresorderhum.fr\/index.php\/les-ateliers\/histoire-du-rhum\/","title":{"rendered":"Histoire du Rhum"},"content":{"rendered":"\n<h2 class=\"wp-block-heading has-large-font-size\"><strong>HISTOIRE DU RHUM<\/strong><\/h2>\n\n\n\n<div class=\"wp-block-group\"><div class=\"wp-block-group__inner-container is-layout-constrained wp-block-group-is-layout-constrained\">\n<p>Voici l\u2019atelier id\u00e9al pour d\u00e9buter dans le rhum. Revivez la saga de ce breuvage, des origines \u00e0 nos jours, pour comprendre comment le rhum a \u00e9t\u00e9 une monnaie, conna\u00eetre les raisons de son expansion dans la Cara\u00efbe, comment il a accompagn\u00e9 la Guerre d&rsquo;Ind\u00e9pendance am\u00e9ricaine, pourquoi il a conquis l&rsquo;Europe au XIX\u00e8me si\u00e8cle, comment il a soulag\u00e9 les Poilus dans les tranch\u00e9es, les raisons pour lesquelles le rhum agricole s&rsquo;est impos\u00e9, et d\u00e9couvrez enfin, la multiplicit\u00e9 des traditions \u00e0 travers le monde.&nbsp;<br>Suivez le grand voyage de la canne \u00e0 sucre depuis l&rsquo;Antiquit\u00e9, l&rsquo;\u00e9volution des go\u00fbts et des techniques, et apprenez \u00e0 d\u00e9guster le rhum comme les experts.&nbsp; Vous passerez un moment inoubliable dans l\u2019univers de cette eau de vie de canne \u00e0 sucre. Repartez en sachant si vous \u00eates un-e m\u00e9lasseux-se ou un-e agricoleux-se.<\/p>\n\n\n\n<ul class=\"wp-block-list\">\n<li>Le Grand voyage de la canne \u00e0 sucre<\/li>\n\n\n\n<li>L&rsquo;histoire du rhum<\/li>\n\n\n\n<li>La fabrication du rhum<\/li>\n\n\n\n<li>L&rsquo;art de la d\u00e9gustation et l&rsquo;analyse sensorielle (fiche de d\u00e9gustation)<\/li>\n\n\n\n<li>D\u00e9gustation de 6 rhums <\/li>\n<\/ul>\n<\/div><\/div>\n\n\n\n<p>Dur\u00e9e :<strong>\u00a02 heures<\/strong>\u00a0&#8211;\u00a0Nombre de participants :<strong>\u00a06 minimun &#8211; 10 maximum<\/strong><br>Tarif:\u00a0<strong>40 euros<\/strong>\u00a0par participant &#8211; offert pour l&rsquo;h\u00f4te (1 personne)<\/p>\n","protected":false},"excerpt":{"rendered":"<p>HISTOIRE DU RHUM Voici l\u2019atelier id\u00e9al pour d\u00e9buter dans le rhum. Revivez la saga de ce breuvage, des origines \u00e0 nos jours, pour comprendre comment le rhum a \u00e9t\u00e9 une monnaie, conna\u00eetre les raisons de son expansion dans la Cara\u00efbe, comment il a accompagn\u00e9 la Guerre d&rsquo;Ind\u00e9pendance am\u00e9ricaine, pourquoi il a conquis l&rsquo;Europe au XIX\u00e8me &hellip; <\/p>\n<p class=\"link-more\"><a href=\"https:\/\/www.tresorderhum.fr\/index.php\/les-ateliers\/histoire-du-rhum\/\" class=\"more-link\">Continuer la lecture<span class=\"screen-reader-text\"> de &laquo;&nbsp;Histoire du Rhum&nbsp;&raquo;<\/span><\/a><\/p>\n","protected":false},"author":1,"featured_media":61,"parent":101,"menu_order":-1,"comment_status":"closed","ping_status":"closed","template":"","meta":{"footnotes":""},"class_list":["post-102","page","type-page","status-publish","has-post-thumbnail","hentry"],"yoast_head":"<!-- This site is optimized with the Yoast SEO plugin v27.4 - https:\/\/yoast.com\/product\/yoast-seo-wordpress\/ -->\n<title>Histoire du Rhum - Tr\u00e9sor de Rhum<\/title>\n<meta name=\"robots\" content=\"index, follow, max-snippet:-1, max-image-preview:large, max-video-preview:-1\" \/>\n<link rel=\"canonical\" href=\"https:\/\/www.tresorderhum.fr\/index.php\/les-ateliers\/histoire-du-rhum\/\" \/>\n<meta property=\"og:locale\" content=\"fr_FR\" \/>\n<meta property=\"og:type\" content=\"article\" \/>\n<meta property=\"og:title\" content=\"Histoire du Rhum - Tr\u00e9sor de Rhum\" \/>\n<meta property=\"og:description\" content=\"HISTOIRE DU RHUM Voici l\u2019atelier id\u00e9al pour d\u00e9buter dans le rhum. Revivez la saga de ce breuvage, des origines \u00e0 nos jours, pour comprendre comment le rhum a \u00e9t\u00e9 une monnaie, conna\u00eetre les raisons de son expansion dans la Cara\u00efbe, comment il a accompagn\u00e9 la Guerre d&rsquo;Ind\u00e9pendance am\u00e9ricaine, pourquoi il a conquis l&rsquo;Europe au XIX\u00e8me &hellip; Continuer la lecture de &laquo;&nbsp;Histoire du Rhum&nbsp;&raquo;\" \/>\n<meta property=\"og:url\" content=\"https:\/\/www.tresorderhum.fr\/index.php\/les-ateliers\/histoire-du-rhum\/\" \/>\n<meta property=\"og:site_name\" content=\"Tr\u00e9sor de Rhum\" \/>\n<meta property=\"article:publisher\" content=\"https:\/\/www.facebook.com\/tresorderhum\/\" \/>\n<meta property=\"article:modified_time\" content=\"2023-04-29T09:51:20+00:00\" \/>\n<meta property=\"og:image\" content=\"https:\/\/www.tresorderhum.fr\/wp-content\/uploads\/2022\/12\/AdobeStock_225396241-scaled.jpeg\" \/>\n\t<meta property=\"og:image:width\" content=\"2560\" \/>\n\t<meta property=\"og:image:height\" content=\"1707\" \/>\n\t<meta property=\"og:image:type\" content=\"image\/jpeg\" \/>\n<meta name=\"twitter:card\" content=\"summary_large_image\" \/>\n<meta name=\"twitter:label1\" content=\"Dur\u00e9e de lecture estim\u00e9e\" \/>\n\t<meta name=\"twitter:data1\" content=\"1 minute\" \/>\n<script type=\"application\/ld+json\" class=\"yoast-schema-graph\">{\"@context\":\"https:\\\/\\\/schema.org\",\"@graph\":[{\"@type\":\"WebPage\",\"@id\":\"https:\\\/\\\/www.tresorderhum.fr\\\/index.php\\\/les-ateliers\\\/histoire-du-rhum\\\/\",\"url\":\"https:\\\/\\\/www.tresorderhum.fr\\\/index.php\\\/les-ateliers\\\/histoire-du-rhum\\\/\",\"name\":\"Histoire du Rhum - Tr\u00e9sor de Rhum\",\"isPartOf\":{\"@id\":\"https:\\\/\\\/www.tresorderhum.fr\\\/#website\"},\"primaryImageOfPage\":{\"@id\":\"https:\\\/\\\/www.tresorderhum.fr\\\/index.php\\\/les-ateliers\\\/histoire-du-rhum\\\/#primaryimage\"},\"image\":{\"@id\":\"https:\\\/\\\/www.tresorderhum.fr\\\/index.php\\\/les-ateliers\\\/histoire-du-rhum\\\/#primaryimage\"},\"thumbnailUrl\":\"https:\\\/\\\/www.tresorderhum.fr\\\/wp-content\\\/uploads\\\/2022\\\/12\\\/AdobeStock_225396241-scaled.jpeg\",\"datePublished\":\"2022-12-14T10:31:07+00:00\",\"dateModified\":\"2023-04-29T09:51:20+00:00\",\"breadcrumb\":{\"@id\":\"https:\\\/\\\/www.tresorderhum.fr\\\/index.php\\\/les-ateliers\\\/histoire-du-rhum\\\/#breadcrumb\"},\"inLanguage\":\"fr-FR\",\"potentialAction\":[{\"@type\":\"ReadAction\",\"target\":[\"https:\\\/\\\/www.tresorderhum.fr\\\/index.php\\\/les-ateliers\\\/histoire-du-rhum\\\/\"]}]},{\"@type\":\"ImageObject\",\"inLanguage\":\"fr-FR\",\"@id\":\"https:\\\/\\\/www.tresorderhum.fr\\\/index.php\\\/les-ateliers\\\/histoire-du-rhum\\\/#primaryimage\",\"url\":\"https:\\\/\\\/www.tresorderhum.fr\\\/wp-content\\\/uploads\\\/2022\\\/12\\\/AdobeStock_225396241-scaled.jpeg\",\"contentUrl\":\"https:\\\/\\\/www.tresorderhum.fr\\\/wp-content\\\/uploads\\\/2022\\\/12\\\/AdobeStock_225396241-scaled.jpeg\",\"width\":2560,\"height\":1707,\"caption\":\"Industrial equipment for brandy production\"},{\"@type\":\"BreadcrumbList\",\"@id\":\"https:\\\/\\\/www.tresorderhum.fr\\\/index.php\\\/les-ateliers\\\/histoire-du-rhum\\\/#breadcrumb\",\"itemListElement\":[{\"@type\":\"ListItem\",\"position\":1,\"name\":\"Accueil\",\"item\":\"https:\\\/\\\/www.tresorderhum.fr\\\/\"},{\"@type\":\"ListItem\",\"position\":2,\"name\":\"Les ateliers\",\"item\":\"https:\\\/\\\/www.tresorderhum.fr\\\/index.php\\\/les-ateliers\\\/\"},{\"@type\":\"ListItem\",\"position\":3,\"name\":\"Histoire du Rhum\"}]},{\"@type\":\"WebSite\",\"@id\":\"https:\\\/\\\/www.tresorderhum.fr\\\/#website\",\"url\":\"https:\\\/\\\/www.tresorderhum.fr\\\/\",\"name\":\"Tr\u00e9sor de Rhum\",\"description\":\"ORGANISER UNE SOIR\u00c9E DEGUSTATION \u00c0 DOMICILE 100% D\u00c9DI\u00c9E AU RHUM, C\u2019EST ORIGINAL !\",\"publisher\":{\"@id\":\"https:\\\/\\\/www.tresorderhum.fr\\\/#organization\"},\"potentialAction\":[{\"@type\":\"SearchAction\",\"target\":{\"@type\":\"EntryPoint\",\"urlTemplate\":\"https:\\\/\\\/www.tresorderhum.fr\\\/?s={search_term_string}\"},\"query-input\":{\"@type\":\"PropertyValueSpecification\",\"valueRequired\":true,\"valueName\":\"search_term_string\"}}],\"inLanguage\":\"fr-FR\"},{\"@type\":\"Organization\",\"@id\":\"https:\\\/\\\/www.tresorderhum.fr\\\/#organization\",\"name\":\"Tr\u00e9sor de Rhum\",\"url\":\"https:\\\/\\\/www.tresorderhum.fr\\\/\",\"logo\":{\"@type\":\"ImageObject\",\"inLanguage\":\"fr-FR\",\"@id\":\"https:\\\/\\\/www.tresorderhum.fr\\\/#\\\/schema\\\/logo\\\/image\\\/\",\"url\":\"https:\\\/\\\/www.tresorderhum.fr\\\/wp-content\\\/uploads\\\/2022\\\/12\\\/cropped-Tresor-de-rhum-1.png\",\"contentUrl\":\"https:\\\/\\\/www.tresorderhum.fr\\\/wp-content\\\/uploads\\\/2022\\\/12\\\/cropped-Tresor-de-rhum-1.png\",\"width\":250,\"height\":250,\"caption\":\"Tr\u00e9sor de Rhum\"},\"image\":{\"@id\":\"https:\\\/\\\/www.tresorderhum.fr\\\/#\\\/schema\\\/logo\\\/image\\\/\"},\"sameAs\":[\"https:\\\/\\\/www.facebook.com\\\/tresorderhum\\\/\",\"https:\\\/\\\/www.instagram.com\\\/tresorderhum\\\/?hl=fr\"]}]}<\/script>\n<!-- \/ Yoast SEO plugin. -->","yoast_head_json":{"title":"Histoire du Rhum - Tr\u00e9sor de Rhum","robots":{"index":"index","follow":"follow","max-snippet":"max-snippet:-1","max-image-preview":"max-image-preview:large","max-video-preview":"max-video-preview:-1"},"canonical":"https:\/\/www.tresorderhum.fr\/index.php\/les-ateliers\/histoire-du-rhum\/","og_locale":"fr_FR","og_type":"article","og_title":"Histoire du Rhum - Tr\u00e9sor de Rhum","og_description":"HISTOIRE DU RHUM Voici l\u2019atelier id\u00e9al pour d\u00e9buter dans le rhum. Revivez la saga de ce breuvage, des origines \u00e0 nos jours, pour comprendre comment le rhum a \u00e9t\u00e9 une monnaie, conna\u00eetre les raisons de son expansion dans la Cara\u00efbe, comment il a accompagn\u00e9 la Guerre d&rsquo;Ind\u00e9pendance am\u00e9ricaine, pourquoi il a conquis l&rsquo;Europe au XIX\u00e8me &hellip; Continuer la lecture de &laquo;&nbsp;Histoire du Rhum&nbsp;&raquo;","og_url":"https:\/\/www.tresorderhum.fr\/index.php\/les-ateliers\/histoire-du-rhum\/","og_site_name":"Tr\u00e9sor de Rhum","article_publisher":"https:\/\/www.facebook.com\/tresorderhum\/","article_modified_time":"2023-04-29T09:51:20+00:00","og_image":[{"width":2560,"height":1707,"url":"https:\/\/www.tresorderhum.fr\/wp-content\/uploads\/2022\/12\/AdobeStock_225396241-scaled.jpeg","type":"image\/jpeg"}],"twitter_card":"summary_large_image","twitter_misc":{"Dur\u00e9e de lecture estim\u00e9e":"1 minute"},"schema":{"@context":"https:\/\/schema.org","@graph":[{"@type":"WebPage","@id":"https:\/\/www.tresorderhum.fr\/index.php\/les-ateliers\/histoire-du-rhum\/","url":"https:\/\/www.tresorderhum.fr\/index.php\/les-ateliers\/histoire-du-rhum\/","name":"Histoire du Rhum - Tr\u00e9sor de Rhum","isPartOf":{"@id":"https:\/\/www.tresorderhum.fr\/#website"},"primaryImageOfPage":{"@id":"https:\/\/www.tresorderhum.fr\/index.php\/les-ateliers\/histoire-du-rhum\/#primaryimage"},"image":{"@id":"https:\/\/www.tresorderhum.fr\/index.php\/les-ateliers\/histoire-du-rhum\/#primaryimage"},"thumbnailUrl":"https:\/\/www.tresorderhum.fr\/wp-content\/uploads\/2022\/12\/AdobeStock_225396241-scaled.jpeg","datePublished":"2022-12-14T10:31:07+00:00","dateModified":"2023-04-29T09:51:20+00:00","breadcrumb":{"@id":"https:\/\/www.tresorderhum.fr\/index.php\/les-ateliers\/histoire-du-rhum\/#breadcrumb"},"inLanguage":"fr-FR","potentialAction":[{"@type":"ReadAction","target":["https:\/\/www.tresorderhum.fr\/index.php\/les-ateliers\/histoire-du-rhum\/"]}]},{"@type":"ImageObject","inLanguage":"fr-FR","@id":"https:\/\/www.tresorderhum.fr\/index.php\/les-ateliers\/histoire-du-rhum\/#primaryimage","url":"https:\/\/www.tresorderhum.fr\/wp-content\/uploads\/2022\/12\/AdobeStock_225396241-scaled.jpeg","contentUrl":"https:\/\/www.tresorderhum.fr\/wp-content\/uploads\/2022\/12\/AdobeStock_225396241-scaled.jpeg","width":2560,"height":1707,"caption":"Industrial equipment for brandy production"},{"@type":"BreadcrumbList","@id":"https:\/\/www.tresorderhum.fr\/index.php\/les-ateliers\/histoire-du-rhum\/#breadcrumb","itemListElement":[{"@type":"ListItem","position":1,"name":"Accueil","item":"https:\/\/www.tresorderhum.fr\/"},{"@type":"ListItem","position":2,"name":"Les ateliers","item":"https:\/\/www.tresorderhum.fr\/index.php\/les-ateliers\/"},{"@type":"ListItem","position":3,"name":"Histoire du Rhum"}]},{"@type":"WebSite","@id":"https:\/\/www.tresorderhum.fr\/#website","url":"https:\/\/www.tresorderhum.fr\/","name":"Tr\u00e9sor de Rhum","description":"ORGANISER UNE SOIR\u00c9E DEGUSTATION \u00c0 DOMICILE 100% D\u00c9DI\u00c9E AU RHUM, C\u2019EST ORIGINAL !","publisher":{"@id":"https:\/\/www.tresorderhum.fr\/#organization"},"potentialAction":[{"@type":"SearchAction","target":{"@type":"EntryPoint","urlTemplate":"https:\/\/www.tresorderhum.fr\/?s={search_term_string}"},"query-input":{"@type":"PropertyValueSpecification","valueRequired":true,"valueName":"search_term_string"}}],"inLanguage":"fr-FR"},{"@type":"Organization","@id":"https:\/\/www.tresorderhum.fr\/#organization","name":"Tr\u00e9sor de Rhum","url":"https:\/\/www.tresorderhum.fr\/","logo":{"@type":"ImageObject","inLanguage":"fr-FR","@id":"https:\/\/www.tresorderhum.fr\/#\/schema\/logo\/image\/","url":"https:\/\/www.tresorderhum.fr\/wp-content\/uploads\/2022\/12\/cropped-Tresor-de-rhum-1.png","contentUrl":"https:\/\/www.tresorderhum.fr\/wp-content\/uploads\/2022\/12\/cropped-Tresor-de-rhum-1.png","width":250,"height":250,"caption":"Tr\u00e9sor de Rhum"},"image":{"@id":"https:\/\/www.tresorderhum.fr\/#\/schema\/logo\/image\/"},"sameAs":["https:\/\/www.facebook.com\/tresorderhum\/","https:\/\/www.instagram.com\/tresorderhum\/?hl=fr"]}]}},"_links":{"self":[{"href":"https:\/\/www.tresorderhum.fr\/index.php\/wp-json\/wp\/v2\/pages\/102","targetHints":{"allow":["GET"]}}],"collection":[{"href":"https:\/\/www.tresorderhum.fr\/index.php\/wp-json\/wp\/v2\/pages"}],"about":[{"href":"https:\/\/www.tresorderhum.fr\/index.php\/wp-json\/wp\/v2\/types\/page"}],"author":[{"embeddable":true,"href":"https:\/\/www.tresorderhum.fr\/index.php\/wp-json\/wp\/v2\/users\/1"}],"replies":[{"embeddable":true,"href":"https:\/\/www.tresorderhum.fr\/index.php\/wp-json\/wp\/v2\/comments?post=102"}],"version-history":[{"count":7,"href":"https:\/\/www.tresorderhum.fr\/index.php\/wp-json\/wp\/v2\/pages\/102\/revisions"}],"predecessor-version":[{"id":169,"href":"https:\/\/www.tresorderhum.fr\/index.php\/wp-json\/wp\/v2\/pages\/102\/revisions\/169"}],"up":[{"embeddable":true,"href":"https:\/\/www.tresorderhum.fr\/index.php\/wp-json\/wp\/v2\/pages\/101"}],"wp:featuredmedia":[{"embeddable":true,"href":"https:\/\/www.tresorderhum.fr\/index.php\/wp-json\/wp\/v2\/media\/61"}],"wp:attachment":[{"href":"https:\/\/www.tresorderhum.fr\/index.php\/wp-json\/wp\/v2\/media?parent=102"}],"curies":[{"name":"wp","href":"https:\/\/api.w.org\/{rel}","templated":true}]}}