{"id":103,"date":"2022-12-14T11:31:07","date_gmt":"2022-12-14T10:31:07","guid":{"rendered":"http:\/\/www.tresorderhum.fr\/?page_id=103"},"modified":"2023-04-29T11:51:54","modified_gmt":"2023-04-29T09:51:54","slug":"rhums-dexceptions","status":"publish","type":"page","link":"https:\/\/www.tresorderhum.fr\/index.php\/les-ateliers\/rhums-dexceptions\/","title":{"rendered":"Rhums d&rsquo;exception"},"content":{"rendered":"\n<h2 class=\"wp-block-heading has-large-font-size\"><strong>Rhums d&rsquo;exception<\/strong><\/h2>\n\n\n\n<p>Bienvenue sur les sommets du rhum. Vous aurez rarement l&rsquo;occasion de vous retrouver autour d&rsquo;autant de merveilles en une seule soir\u00e9e.&nbsp;<br>Partez \u00e0 la d\u00e9couverte de cinq grands rhums du monde entier. Les anges vous jalouseront de ne pas en avoir re\u00e7u une plus grande part. Ce voyage au sein de complexit\u00e9s rares, de finishs savoureux et d\u00e9concertants, de finales persistantes, de sensations olfactives puissantes, de profils aromatiques d\u2019une richesse infinie, \u00e9crira une divine page de votre histoire du rhum.<\/p>\n\n\n\n<ul class=\"wp-block-list\">\n<li>Le grand voyage de la Canne \u00e0 Sucre<\/li>\n\n\n\n<li>L\u2019Histoire du Rhum<\/li>\n\n\n\n<li>La Fabrication du Rhum<\/li>\n\n\n\n<li>La Pr\u00e9sentation des 5 distilleries&nbsp;<\/li>\n\n\n\n<li>L&rsquo;art de la d\u00e9gustation et l\u2019analyse sensorielle<\/li>\n\n\n\n<li>D\u00e9gustation de 5 tr\u00e8s grands Rhums XO<\/li>\n<\/ul>\n\n\n\n<p>Dur\u00e9e :<strong>\u00a02 heures<\/strong>\u00a0&#8211;\u00a0Nombre de participants :<strong>\u00a06 minimun &#8211; 10 maximum<\/strong><br>Tarif:\u00a0<strong>60\u00a0euros<\/strong>\u00a0par participant &#8211; offert pour l&rsquo;h\u00f4te (1 personne)<\/p>\n","protected":false},"excerpt":{"rendered":"<p>Rhums d&rsquo;exception Bienvenue sur les sommets du rhum. Vous aurez rarement l&rsquo;occasion de vous retrouver autour d&rsquo;autant de merveilles en une seule soir\u00e9e.&nbsp;Partez \u00e0 la d\u00e9couverte de cinq grands rhums du monde entier. Les anges vous jalouseront de ne pas en avoir re\u00e7u une plus grande part. Ce voyage au sein de complexit\u00e9s rares, de &hellip; <\/p>\n<p class=\"link-more\"><a href=\"https:\/\/www.tresorderhum.fr\/index.php\/les-ateliers\/rhums-dexceptions\/\" class=\"more-link\">Continuer la lecture<span class=\"screen-reader-text\"> de &laquo;&nbsp;Rhums d&rsquo;exception&nbsp;&raquo;<\/span><\/a><\/p>\n","protected":false},"author":1,"featured_media":5,"parent":101,"menu_order":-1,"comment_status":"closed","ping_status":"closed","template":"","meta":{"footnotes":""},"class_list":["post-103","page","type-page","status-publish","has-post-thumbnail","hentry"],"yoast_head":"<!-- This site is optimized with the Yoast SEO plugin v27.4 - https:\/\/yoast.com\/product\/yoast-seo-wordpress\/ -->\n<title>Rhums d&#039;exception - Tr\u00e9sor de Rhum<\/title>\n<meta name=\"robots\" content=\"index, follow, max-snippet:-1, max-image-preview:large, max-video-preview:-1\" \/>\n<link rel=\"canonical\" href=\"https:\/\/www.tresorderhum.fr\/index.php\/les-ateliers\/rhums-dexceptions\/\" \/>\n<meta property=\"og:locale\" content=\"fr_FR\" \/>\n<meta property=\"og:type\" content=\"article\" \/>\n<meta property=\"og:title\" content=\"Rhums d&#039;exception - Tr\u00e9sor de Rhum\" \/>\n<meta property=\"og:description\" content=\"Rhums d&rsquo;exception Bienvenue sur les sommets du rhum. Vous aurez rarement l&rsquo;occasion de vous retrouver autour d&rsquo;autant de merveilles en une seule soir\u00e9e.&nbsp;Partez \u00e0 la d\u00e9couverte de cinq grands rhums du monde entier. Les anges vous jalouseront de ne pas en avoir re\u00e7u une plus grande part. Ce voyage au sein de complexit\u00e9s rares, de &hellip; Continuer la lecture de &laquo;&nbsp;Rhums d&rsquo;exception&nbsp;&raquo;\" \/>\n<meta property=\"og:url\" content=\"https:\/\/www.tresorderhum.fr\/index.php\/les-ateliers\/rhums-dexceptions\/\" \/>\n<meta property=\"og:site_name\" content=\"Tr\u00e9sor de Rhum\" \/>\n<meta property=\"article:publisher\" content=\"https:\/\/www.facebook.com\/tresorderhum\/\" \/>\n<meta property=\"article:modified_time\" content=\"2023-04-29T09:51:54+00:00\" \/>\n<meta property=\"og:image\" content=\"https:\/\/www.tresorderhum.fr\/wp-content\/uploads\/2022\/12\/AdobeStock_34951476-scaled.jpeg\" \/>\n\t<meta property=\"og:image:width\" content=\"2560\" \/>\n\t<meta property=\"og:image:height\" content=\"1920\" \/>\n\t<meta property=\"og:image:type\" content=\"image\/jpeg\" \/>\n<meta name=\"twitter:card\" content=\"summary_large_image\" \/>\n<meta name=\"twitter:label1\" content=\"Dur\u00e9e de lecture estim\u00e9e\" \/>\n\t<meta name=\"twitter:data1\" content=\"1 minute\" \/>\n<script type=\"application\/ld+json\" class=\"yoast-schema-graph\">{\"@context\":\"https:\\\/\\\/schema.org\",\"@graph\":[{\"@type\":\"WebPage\",\"@id\":\"https:\\\/\\\/www.tresorderhum.fr\\\/index.php\\\/les-ateliers\\\/rhums-dexceptions\\\/\",\"url\":\"https:\\\/\\\/www.tresorderhum.fr\\\/index.php\\\/les-ateliers\\\/rhums-dexceptions\\\/\",\"name\":\"Rhums d'exception - Tr\u00e9sor de Rhum\",\"isPartOf\":{\"@id\":\"https:\\\/\\\/www.tresorderhum.fr\\\/#website\"},\"primaryImageOfPage\":{\"@id\":\"https:\\\/\\\/www.tresorderhum.fr\\\/index.php\\\/les-ateliers\\\/rhums-dexceptions\\\/#primaryimage\"},\"image\":{\"@id\":\"https:\\\/\\\/www.tresorderhum.fr\\\/index.php\\\/les-ateliers\\\/rhums-dexceptions\\\/#primaryimage\"},\"thumbnailUrl\":\"https:\\\/\\\/www.tresorderhum.fr\\\/wp-content\\\/uploads\\\/2022\\\/12\\\/AdobeStock_34951476-scaled.jpeg\",\"datePublished\":\"2022-12-14T10:31:07+00:00\",\"dateModified\":\"2023-04-29T09:51:54+00:00\",\"breadcrumb\":{\"@id\":\"https:\\\/\\\/www.tresorderhum.fr\\\/index.php\\\/les-ateliers\\\/rhums-dexceptions\\\/#breadcrumb\"},\"inLanguage\":\"fr-FR\",\"potentialAction\":[{\"@type\":\"ReadAction\",\"target\":[\"https:\\\/\\\/www.tresorderhum.fr\\\/index.php\\\/les-ateliers\\\/rhums-dexceptions\\\/\"]}]},{\"@type\":\"ImageObject\",\"inLanguage\":\"fr-FR\",\"@id\":\"https:\\\/\\\/www.tresorderhum.fr\\\/index.php\\\/les-ateliers\\\/rhums-dexceptions\\\/#primaryimage\",\"url\":\"https:\\\/\\\/www.tresorderhum.fr\\\/wp-content\\\/uploads\\\/2022\\\/12\\\/AdobeStock_34951476-scaled.jpeg\",\"contentUrl\":\"https:\\\/\\\/www.tresorderhum.fr\\\/wp-content\\\/uploads\\\/2022\\\/12\\\/AdobeStock_34951476-scaled.jpeg\",\"width\":2560,\"height\":1920,\"caption\":\"cigar and cognac on wood background\"},{\"@type\":\"BreadcrumbList\",\"@id\":\"https:\\\/\\\/www.tresorderhum.fr\\\/index.php\\\/les-ateliers\\\/rhums-dexceptions\\\/#breadcrumb\",\"itemListElement\":[{\"@type\":\"ListItem\",\"position\":1,\"name\":\"Accueil\",\"item\":\"https:\\\/\\\/www.tresorderhum.fr\\\/\"},{\"@type\":\"ListItem\",\"position\":2,\"name\":\"Les ateliers\",\"item\":\"https:\\\/\\\/www.tresorderhum.fr\\\/index.php\\\/les-ateliers\\\/\"},{\"@type\":\"ListItem\",\"position\":3,\"name\":\"Rhums d&rsquo;exception\"}]},{\"@type\":\"WebSite\",\"@id\":\"https:\\\/\\\/www.tresorderhum.fr\\\/#website\",\"url\":\"https:\\\/\\\/www.tresorderhum.fr\\\/\",\"name\":\"Tr\u00e9sor de Rhum\",\"description\":\"ORGANISER UNE SOIR\u00c9E DEGUSTATION \u00c0 DOMICILE 100% D\u00c9DI\u00c9E AU RHUM, C\u2019EST ORIGINAL !\",\"publisher\":{\"@id\":\"https:\\\/\\\/www.tresorderhum.fr\\\/#organization\"},\"potentialAction\":[{\"@type\":\"SearchAction\",\"target\":{\"@type\":\"EntryPoint\",\"urlTemplate\":\"https:\\\/\\\/www.tresorderhum.fr\\\/?s={search_term_string}\"},\"query-input\":{\"@type\":\"PropertyValueSpecification\",\"valueRequired\":true,\"valueName\":\"search_term_string\"}}],\"inLanguage\":\"fr-FR\"},{\"@type\":\"Organization\",\"@id\":\"https:\\\/\\\/www.tresorderhum.fr\\\/#organization\",\"name\":\"Tr\u00e9sor de Rhum\",\"url\":\"https:\\\/\\\/www.tresorderhum.fr\\\/\",\"logo\":{\"@type\":\"ImageObject\",\"inLanguage\":\"fr-FR\",\"@id\":\"https:\\\/\\\/www.tresorderhum.fr\\\/#\\\/schema\\\/logo\\\/image\\\/\",\"url\":\"https:\\\/\\\/www.tresorderhum.fr\\\/wp-content\\\/uploads\\\/2022\\\/12\\\/cropped-Tresor-de-rhum-1.png\",\"contentUrl\":\"https:\\\/\\\/www.tresorderhum.fr\\\/wp-content\\\/uploads\\\/2022\\\/12\\\/cropped-Tresor-de-rhum-1.png\",\"width\":250,\"height\":250,\"caption\":\"Tr\u00e9sor de Rhum\"},\"image\":{\"@id\":\"https:\\\/\\\/www.tresorderhum.fr\\\/#\\\/schema\\\/logo\\\/image\\\/\"},\"sameAs\":[\"https:\\\/\\\/www.facebook.com\\\/tresorderhum\\\/\",\"https:\\\/\\\/www.instagram.com\\\/tresorderhum\\\/?hl=fr\"]}]}<\/script>\n<!-- \/ Yoast SEO plugin. -->","yoast_head_json":{"title":"Rhums d'exception - Tr\u00e9sor de Rhum","robots":{"index":"index","follow":"follow","max-snippet":"max-snippet:-1","max-image-preview":"max-image-preview:large","max-video-preview":"max-video-preview:-1"},"canonical":"https:\/\/www.tresorderhum.fr\/index.php\/les-ateliers\/rhums-dexceptions\/","og_locale":"fr_FR","og_type":"article","og_title":"Rhums d'exception - Tr\u00e9sor de Rhum","og_description":"Rhums d&rsquo;exception Bienvenue sur les sommets du rhum. Vous aurez rarement l&rsquo;occasion de vous retrouver autour d&rsquo;autant de merveilles en une seule soir\u00e9e.&nbsp;Partez \u00e0 la d\u00e9couverte de cinq grands rhums du monde entier. Les anges vous jalouseront de ne pas en avoir re\u00e7u une plus grande part. Ce voyage au sein de complexit\u00e9s rares, de &hellip; Continuer la lecture de &laquo;&nbsp;Rhums d&rsquo;exception&nbsp;&raquo;","og_url":"https:\/\/www.tresorderhum.fr\/index.php\/les-ateliers\/rhums-dexceptions\/","og_site_name":"Tr\u00e9sor de Rhum","article_publisher":"https:\/\/www.facebook.com\/tresorderhum\/","article_modified_time":"2023-04-29T09:51:54+00:00","og_image":[{"width":2560,"height":1920,"url":"https:\/\/www.tresorderhum.fr\/wp-content\/uploads\/2022\/12\/AdobeStock_34951476-scaled.jpeg","type":"image\/jpeg"}],"twitter_card":"summary_large_image","twitter_misc":{"Dur\u00e9e de lecture estim\u00e9e":"1 minute"},"schema":{"@context":"https:\/\/schema.org","@graph":[{"@type":"WebPage","@id":"https:\/\/www.tresorderhum.fr\/index.php\/les-ateliers\/rhums-dexceptions\/","url":"https:\/\/www.tresorderhum.fr\/index.php\/les-ateliers\/rhums-dexceptions\/","name":"Rhums d'exception - Tr\u00e9sor de Rhum","isPartOf":{"@id":"https:\/\/www.tresorderhum.fr\/#website"},"primaryImageOfPage":{"@id":"https:\/\/www.tresorderhum.fr\/index.php\/les-ateliers\/rhums-dexceptions\/#primaryimage"},"image":{"@id":"https:\/\/www.tresorderhum.fr\/index.php\/les-ateliers\/rhums-dexceptions\/#primaryimage"},"thumbnailUrl":"https:\/\/www.tresorderhum.fr\/wp-content\/uploads\/2022\/12\/AdobeStock_34951476-scaled.jpeg","datePublished":"2022-12-14T10:31:07+00:00","dateModified":"2023-04-29T09:51:54+00:00","breadcrumb":{"@id":"https:\/\/www.tresorderhum.fr\/index.php\/les-ateliers\/rhums-dexceptions\/#breadcrumb"},"inLanguage":"fr-FR","potentialAction":[{"@type":"ReadAction","target":["https:\/\/www.tresorderhum.fr\/index.php\/les-ateliers\/rhums-dexceptions\/"]}]},{"@type":"ImageObject","inLanguage":"fr-FR","@id":"https:\/\/www.tresorderhum.fr\/index.php\/les-ateliers\/rhums-dexceptions\/#primaryimage","url":"https:\/\/www.tresorderhum.fr\/wp-content\/uploads\/2022\/12\/AdobeStock_34951476-scaled.jpeg","contentUrl":"https:\/\/www.tresorderhum.fr\/wp-content\/uploads\/2022\/12\/AdobeStock_34951476-scaled.jpeg","width":2560,"height":1920,"caption":"cigar and cognac on wood background"},{"@type":"BreadcrumbList","@id":"https:\/\/www.tresorderhum.fr\/index.php\/les-ateliers\/rhums-dexceptions\/#breadcrumb","itemListElement":[{"@type":"ListItem","position":1,"name":"Accueil","item":"https:\/\/www.tresorderhum.fr\/"},{"@type":"ListItem","position":2,"name":"Les ateliers","item":"https:\/\/www.tresorderhum.fr\/index.php\/les-ateliers\/"},{"@type":"ListItem","position":3,"name":"Rhums d&rsquo;exception"}]},{"@type":"WebSite","@id":"https:\/\/www.tresorderhum.fr\/#website","url":"https:\/\/www.tresorderhum.fr\/","name":"Tr\u00e9sor de Rhum","description":"ORGANISER UNE SOIR\u00c9E DEGUSTATION \u00c0 DOMICILE 100% D\u00c9DI\u00c9E AU RHUM, C\u2019EST ORIGINAL !","publisher":{"@id":"https:\/\/www.tresorderhum.fr\/#organization"},"potentialAction":[{"@type":"SearchAction","target":{"@type":"EntryPoint","urlTemplate":"https:\/\/www.tresorderhum.fr\/?s={search_term_string}"},"query-input":{"@type":"PropertyValueSpecification","valueRequired":true,"valueName":"search_term_string"}}],"inLanguage":"fr-FR"},{"@type":"Organization","@id":"https:\/\/www.tresorderhum.fr\/#organization","name":"Tr\u00e9sor de Rhum","url":"https:\/\/www.tresorderhum.fr\/","logo":{"@type":"ImageObject","inLanguage":"fr-FR","@id":"https:\/\/www.tresorderhum.fr\/#\/schema\/logo\/image\/","url":"https:\/\/www.tresorderhum.fr\/wp-content\/uploads\/2022\/12\/cropped-Tresor-de-rhum-1.png","contentUrl":"https:\/\/www.tresorderhum.fr\/wp-content\/uploads\/2022\/12\/cropped-Tresor-de-rhum-1.png","width":250,"height":250,"caption":"Tr\u00e9sor de Rhum"},"image":{"@id":"https:\/\/www.tresorderhum.fr\/#\/schema\/logo\/image\/"},"sameAs":["https:\/\/www.facebook.com\/tresorderhum\/","https:\/\/www.instagram.com\/tresorderhum\/?hl=fr"]}]}},"_links":{"self":[{"href":"https:\/\/www.tresorderhum.fr\/index.php\/wp-json\/wp\/v2\/pages\/103","targetHints":{"allow":["GET"]}}],"collection":[{"href":"https:\/\/www.tresorderhum.fr\/index.php\/wp-json\/wp\/v2\/pages"}],"about":[{"href":"https:\/\/www.tresorderhum.fr\/index.php\/wp-json\/wp\/v2\/types\/page"}],"author":[{"embeddable":true,"href":"https:\/\/www.tresorderhum.fr\/index.php\/wp-json\/wp\/v2\/users\/1"}],"replies":[{"embeddable":true,"href":"https:\/\/www.tresorderhum.fr\/index.php\/wp-json\/wp\/v2\/comments?post=103"}],"version-history":[{"count":4,"href":"https:\/\/www.tresorderhum.fr\/index.php\/wp-json\/wp\/v2\/pages\/103\/revisions"}],"predecessor-version":[{"id":170,"href":"https:\/\/www.tresorderhum.fr\/index.php\/wp-json\/wp\/v2\/pages\/103\/revisions\/170"}],"up":[{"embeddable":true,"href":"https:\/\/www.tresorderhum.fr\/index.php\/wp-json\/wp\/v2\/pages\/101"}],"wp:featuredmedia":[{"embeddable":true,"href":"https:\/\/www.tresorderhum.fr\/index.php\/wp-json\/wp\/v2\/media\/5"}],"wp:attachment":[{"href":"https:\/\/www.tresorderhum.fr\/index.php\/wp-json\/wp\/v2\/media?parent=103"}],"curies":[{"name":"wp","href":"https:\/\/api.w.org\/{rel}","templated":true}]}}