{"id":104,"date":"2022-12-14T11:31:07","date_gmt":"2022-12-14T10:31:07","guid":{"rendered":"http:\/\/www.tresorderhum.fr\/?page_id=104"},"modified":"2023-04-29T11:52:15","modified_gmt":"2023-04-29T09:52:15","slug":"rhum-et-chocolat","status":"publish","type":"page","link":"https:\/\/www.tresorderhum.fr\/index.php\/les-ateliers\/rhum-et-chocolat\/","title":{"rendered":"Rhum et Chocolat"},"content":{"rendered":"\n<h2 class=\"wp-block-heading has-large-font-size\"><strong>Rhum et chocolat<\/strong><\/h2>\n\n\n\n<p>Les gourmands ont rendez-vous dans cet Atelier.&nbsp;<br>Boire un rhum accompagn\u00e9 d&rsquo;un morceau de chocolat, d&rsquo;un morceau de fromage ou d&rsquo;un caf\u00e9, est un plaisir auquel de plus en plus d&rsquo;amateurs s&rsquo;adonnent.&nbsp;<br>Le Rhum et le chocolat ont beaucoup de points communs:<br>leurs lieux de culture, leur mode d&rsquo;\u00e9laboration, leur fort caract\u00e8re aromatique ou leur mode de d\u00e9gustation appellent naturellement \u00e0 une association.<br>D\u00e9couvrez les harmonies, d\u00e9gustez les rhums et croquez d\u00e9licatement dans de carreau de chocolat de d\u00e9gustation \u00e9labor\u00e9 avec notre partenaire Ma\u00eetre artisan chocolatier.<br>Chaque rhum correspond \u00e0 un chocolat comme un mariage, une alchimie. C&rsquo;est de cette alchimie qui \u00e9veillera votre curiosit\u00e9, que vous tirerez un plaisir incomparable.<\/p>\n\n\n\n<ul class=\"wp-block-list\">\n<li>Le grand voyage de la Canne \u00e0 Sucre<\/li>\n\n\n\n<li>L\u2019Histoire du Rhum<\/li>\n\n\n\n<li>La Fabrication du Rhum<\/li>\n\n\n\n<li>La Pr\u00e9sentation des 5 distilleries<\/li>\n\n\n\n<li>L&rsquo;art de la d\u00e9gustation et l\u2019analyse sensorielle<\/li>\n\n\n\n<li>La D\u00e9couverte des Accords Rhum\/Chocolat<\/li>\n\n\n\n<li>D\u00e9gustation de 5 tr\u00e8s grands Rhums XO<\/li>\n\n\n\n<li>D\u00e9gustation de chocolats d&rsquo;un Ma\u00eetre artisan chocolatier.<\/li>\n<\/ul>\n\n\n\n<p>D\u200bur\u00e9e :<strong>\u00a03 heures<\/strong>\u00a0&#8211;\u00a0Nombre de participants :<strong>\u00a06 minimun &#8211; 10 maximum<\/strong><br>Tarif:\u00a0<strong>80\u00a0euros<\/strong>\u00a0par participant &#8211; offert pour l&rsquo;h\u00f4te (1 personne)<\/p>\n","protected":false},"excerpt":{"rendered":"<p>Rhum et chocolat Les gourmands ont rendez-vous dans cet Atelier.&nbsp;Boire un rhum accompagn\u00e9 d&rsquo;un morceau de chocolat, d&rsquo;un morceau de fromage ou d&rsquo;un caf\u00e9, est un plaisir auquel de plus en plus d&rsquo;amateurs s&rsquo;adonnent.&nbsp;Le Rhum et le chocolat ont beaucoup de points communs:leurs lieux de culture, leur mode d&rsquo;\u00e9laboration, leur fort caract\u00e8re aromatique ou leur &hellip; <\/p>\n<p class=\"link-more\"><a href=\"https:\/\/www.tresorderhum.fr\/index.php\/les-ateliers\/rhum-et-chocolat\/\" class=\"more-link\">Continuer la lecture<span class=\"screen-reader-text\"> de &laquo;&nbsp;Rhum et Chocolat&nbsp;&raquo;<\/span><\/a><\/p>\n","protected":false},"author":1,"featured_media":79,"parent":101,"menu_order":-1,"comment_status":"closed","ping_status":"closed","template":"","meta":{"footnotes":""},"class_list":["post-104","page","type-page","status-publish","has-post-thumbnail","hentry"],"yoast_head":"<!-- This site is optimized with the Yoast SEO plugin v27.4 - https:\/\/yoast.com\/product\/yoast-seo-wordpress\/ -->\n<title>Rhum et Chocolat - Tr\u00e9sor de Rhum<\/title>\n<meta name=\"robots\" content=\"index, follow, max-snippet:-1, max-image-preview:large, max-video-preview:-1\" \/>\n<link rel=\"canonical\" href=\"https:\/\/www.tresorderhum.fr\/index.php\/les-ateliers\/rhum-et-chocolat\/\" \/>\n<meta property=\"og:locale\" content=\"fr_FR\" \/>\n<meta property=\"og:type\" content=\"article\" \/>\n<meta property=\"og:title\" content=\"Rhum et Chocolat - Tr\u00e9sor de Rhum\" \/>\n<meta property=\"og:description\" content=\"Rhum et chocolat Les gourmands ont rendez-vous dans cet Atelier.&nbsp;Boire un rhum accompagn\u00e9 d&rsquo;un morceau de chocolat, d&rsquo;un morceau de fromage ou d&rsquo;un caf\u00e9, est un plaisir auquel de plus en plus d&rsquo;amateurs s&rsquo;adonnent.&nbsp;Le Rhum et le chocolat ont beaucoup de points communs:leurs lieux de culture, leur mode d&rsquo;\u00e9laboration, leur fort caract\u00e8re aromatique ou leur &hellip; Continuer la lecture de &laquo;&nbsp;Rhum et Chocolat&nbsp;&raquo;\" \/>\n<meta property=\"og:url\" content=\"https:\/\/www.tresorderhum.fr\/index.php\/les-ateliers\/rhum-et-chocolat\/\" \/>\n<meta property=\"og:site_name\" content=\"Tr\u00e9sor de Rhum\" \/>\n<meta property=\"article:publisher\" content=\"https:\/\/www.facebook.com\/tresorderhum\/\" \/>\n<meta property=\"article:modified_time\" content=\"2023-04-29T09:52:15+00:00\" \/>\n<meta property=\"og:image\" content=\"https:\/\/www.tresorderhum.fr\/wp-content\/uploads\/2022\/12\/AdobeStock_314485063-1-scaled.jpeg\" \/>\n\t<meta property=\"og:image:width\" content=\"2560\" \/>\n\t<meta property=\"og:image:height\" content=\"853\" \/>\n\t<meta property=\"og:image:type\" content=\"image\/jpeg\" \/>\n<meta name=\"twitter:card\" content=\"summary_large_image\" \/>\n<meta name=\"twitter:label1\" content=\"Dur\u00e9e de lecture estim\u00e9e\" \/>\n\t<meta name=\"twitter:data1\" content=\"1 minute\" \/>\n<script type=\"application\/ld+json\" class=\"yoast-schema-graph\">{\"@context\":\"https:\\\/\\\/schema.org\",\"@graph\":[{\"@type\":\"WebPage\",\"@id\":\"https:\\\/\\\/www.tresorderhum.fr\\\/index.php\\\/les-ateliers\\\/rhum-et-chocolat\\\/\",\"url\":\"https:\\\/\\\/www.tresorderhum.fr\\\/index.php\\\/les-ateliers\\\/rhum-et-chocolat\\\/\",\"name\":\"Rhum et Chocolat - Tr\u00e9sor de Rhum\",\"isPartOf\":{\"@id\":\"https:\\\/\\\/www.tresorderhum.fr\\\/#website\"},\"primaryImageOfPage\":{\"@id\":\"https:\\\/\\\/www.tresorderhum.fr\\\/index.php\\\/les-ateliers\\\/rhum-et-chocolat\\\/#primaryimage\"},\"image\":{\"@id\":\"https:\\\/\\\/www.tresorderhum.fr\\\/index.php\\\/les-ateliers\\\/rhum-et-chocolat\\\/#primaryimage\"},\"thumbnailUrl\":\"https:\\\/\\\/www.tresorderhum.fr\\\/wp-content\\\/uploads\\\/2022\\\/12\\\/AdobeStock_314485063-1-scaled.jpeg\",\"datePublished\":\"2022-12-14T10:31:07+00:00\",\"dateModified\":\"2023-04-29T09:52:15+00:00\",\"breadcrumb\":{\"@id\":\"https:\\\/\\\/www.tresorderhum.fr\\\/index.php\\\/les-ateliers\\\/rhum-et-chocolat\\\/#breadcrumb\"},\"inLanguage\":\"fr-FR\",\"potentialAction\":[{\"@type\":\"ReadAction\",\"target\":[\"https:\\\/\\\/www.tresorderhum.fr\\\/index.php\\\/les-ateliers\\\/rhum-et-chocolat\\\/\"]}]},{\"@type\":\"ImageObject\",\"inLanguage\":\"fr-FR\",\"@id\":\"https:\\\/\\\/www.tresorderhum.fr\\\/index.php\\\/les-ateliers\\\/rhum-et-chocolat\\\/#primaryimage\",\"url\":\"https:\\\/\\\/www.tresorderhum.fr\\\/wp-content\\\/uploads\\\/2022\\\/12\\\/AdobeStock_314485063-1-scaled.jpeg\",\"contentUrl\":\"https:\\\/\\\/www.tresorderhum.fr\\\/wp-content\\\/uploads\\\/2022\\\/12\\\/AdobeStock_314485063-1-scaled.jpeg\",\"width\":2560,\"height\":853,\"caption\":\"Strong alcohol drink. Glass of brandy, whiskey or cognac on the wooden table\"},{\"@type\":\"BreadcrumbList\",\"@id\":\"https:\\\/\\\/www.tresorderhum.fr\\\/index.php\\\/les-ateliers\\\/rhum-et-chocolat\\\/#breadcrumb\",\"itemListElement\":[{\"@type\":\"ListItem\",\"position\":1,\"name\":\"Accueil\",\"item\":\"https:\\\/\\\/www.tresorderhum.fr\\\/\"},{\"@type\":\"ListItem\",\"position\":2,\"name\":\"Les ateliers\",\"item\":\"https:\\\/\\\/www.tresorderhum.fr\\\/index.php\\\/les-ateliers\\\/\"},{\"@type\":\"ListItem\",\"position\":3,\"name\":\"Rhum et Chocolat\"}]},{\"@type\":\"WebSite\",\"@id\":\"https:\\\/\\\/www.tresorderhum.fr\\\/#website\",\"url\":\"https:\\\/\\\/www.tresorderhum.fr\\\/\",\"name\":\"Tr\u00e9sor de Rhum\",\"description\":\"ORGANISER UNE SOIR\u00c9E DEGUSTATION \u00c0 DOMICILE 100% D\u00c9DI\u00c9E AU RHUM, C\u2019EST ORIGINAL !\",\"publisher\":{\"@id\":\"https:\\\/\\\/www.tresorderhum.fr\\\/#organization\"},\"potentialAction\":[{\"@type\":\"SearchAction\",\"target\":{\"@type\":\"EntryPoint\",\"urlTemplate\":\"https:\\\/\\\/www.tresorderhum.fr\\\/?s={search_term_string}\"},\"query-input\":{\"@type\":\"PropertyValueSpecification\",\"valueRequired\":true,\"valueName\":\"search_term_string\"}}],\"inLanguage\":\"fr-FR\"},{\"@type\":\"Organization\",\"@id\":\"https:\\\/\\\/www.tresorderhum.fr\\\/#organization\",\"name\":\"Tr\u00e9sor de Rhum\",\"url\":\"https:\\\/\\\/www.tresorderhum.fr\\\/\",\"logo\":{\"@type\":\"ImageObject\",\"inLanguage\":\"fr-FR\",\"@id\":\"https:\\\/\\\/www.tresorderhum.fr\\\/#\\\/schema\\\/logo\\\/image\\\/\",\"url\":\"https:\\\/\\\/www.tresorderhum.fr\\\/wp-content\\\/uploads\\\/2022\\\/12\\\/cropped-Tresor-de-rhum-1.png\",\"contentUrl\":\"https:\\\/\\\/www.tresorderhum.fr\\\/wp-content\\\/uploads\\\/2022\\\/12\\\/cropped-Tresor-de-rhum-1.png\",\"width\":250,\"height\":250,\"caption\":\"Tr\u00e9sor de Rhum\"},\"image\":{\"@id\":\"https:\\\/\\\/www.tresorderhum.fr\\\/#\\\/schema\\\/logo\\\/image\\\/\"},\"sameAs\":[\"https:\\\/\\\/www.facebook.com\\\/tresorderhum\\\/\",\"https:\\\/\\\/www.instagram.com\\\/tresorderhum\\\/?hl=fr\"]}]}<\/script>\n<!-- \/ Yoast SEO plugin. -->","yoast_head_json":{"title":"Rhum et Chocolat - Tr\u00e9sor de Rhum","robots":{"index":"index","follow":"follow","max-snippet":"max-snippet:-1","max-image-preview":"max-image-preview:large","max-video-preview":"max-video-preview:-1"},"canonical":"https:\/\/www.tresorderhum.fr\/index.php\/les-ateliers\/rhum-et-chocolat\/","og_locale":"fr_FR","og_type":"article","og_title":"Rhum et Chocolat - Tr\u00e9sor de Rhum","og_description":"Rhum et chocolat Les gourmands ont rendez-vous dans cet Atelier.&nbsp;Boire un rhum accompagn\u00e9 d&rsquo;un morceau de chocolat, d&rsquo;un morceau de fromage ou d&rsquo;un caf\u00e9, est un plaisir auquel de plus en plus d&rsquo;amateurs s&rsquo;adonnent.&nbsp;Le Rhum et le chocolat ont beaucoup de points communs:leurs lieux de culture, leur mode d&rsquo;\u00e9laboration, leur fort caract\u00e8re aromatique ou leur &hellip; Continuer la lecture de &laquo;&nbsp;Rhum et Chocolat&nbsp;&raquo;","og_url":"https:\/\/www.tresorderhum.fr\/index.php\/les-ateliers\/rhum-et-chocolat\/","og_site_name":"Tr\u00e9sor de Rhum","article_publisher":"https:\/\/www.facebook.com\/tresorderhum\/","article_modified_time":"2023-04-29T09:52:15+00:00","og_image":[{"width":2560,"height":853,"url":"https:\/\/www.tresorderhum.fr\/wp-content\/uploads\/2022\/12\/AdobeStock_314485063-1-scaled.jpeg","type":"image\/jpeg"}],"twitter_card":"summary_large_image","twitter_misc":{"Dur\u00e9e de lecture estim\u00e9e":"1 minute"},"schema":{"@context":"https:\/\/schema.org","@graph":[{"@type":"WebPage","@id":"https:\/\/www.tresorderhum.fr\/index.php\/les-ateliers\/rhum-et-chocolat\/","url":"https:\/\/www.tresorderhum.fr\/index.php\/les-ateliers\/rhum-et-chocolat\/","name":"Rhum et Chocolat - Tr\u00e9sor de Rhum","isPartOf":{"@id":"https:\/\/www.tresorderhum.fr\/#website"},"primaryImageOfPage":{"@id":"https:\/\/www.tresorderhum.fr\/index.php\/les-ateliers\/rhum-et-chocolat\/#primaryimage"},"image":{"@id":"https:\/\/www.tresorderhum.fr\/index.php\/les-ateliers\/rhum-et-chocolat\/#primaryimage"},"thumbnailUrl":"https:\/\/www.tresorderhum.fr\/wp-content\/uploads\/2022\/12\/AdobeStock_314485063-1-scaled.jpeg","datePublished":"2022-12-14T10:31:07+00:00","dateModified":"2023-04-29T09:52:15+00:00","breadcrumb":{"@id":"https:\/\/www.tresorderhum.fr\/index.php\/les-ateliers\/rhum-et-chocolat\/#breadcrumb"},"inLanguage":"fr-FR","potentialAction":[{"@type":"ReadAction","target":["https:\/\/www.tresorderhum.fr\/index.php\/les-ateliers\/rhum-et-chocolat\/"]}]},{"@type":"ImageObject","inLanguage":"fr-FR","@id":"https:\/\/www.tresorderhum.fr\/index.php\/les-ateliers\/rhum-et-chocolat\/#primaryimage","url":"https:\/\/www.tresorderhum.fr\/wp-content\/uploads\/2022\/12\/AdobeStock_314485063-1-scaled.jpeg","contentUrl":"https:\/\/www.tresorderhum.fr\/wp-content\/uploads\/2022\/12\/AdobeStock_314485063-1-scaled.jpeg","width":2560,"height":853,"caption":"Strong alcohol drink. Glass of brandy, whiskey or cognac on the wooden table"},{"@type":"BreadcrumbList","@id":"https:\/\/www.tresorderhum.fr\/index.php\/les-ateliers\/rhum-et-chocolat\/#breadcrumb","itemListElement":[{"@type":"ListItem","position":1,"name":"Accueil","item":"https:\/\/www.tresorderhum.fr\/"},{"@type":"ListItem","position":2,"name":"Les ateliers","item":"https:\/\/www.tresorderhum.fr\/index.php\/les-ateliers\/"},{"@type":"ListItem","position":3,"name":"Rhum et Chocolat"}]},{"@type":"WebSite","@id":"https:\/\/www.tresorderhum.fr\/#website","url":"https:\/\/www.tresorderhum.fr\/","name":"Tr\u00e9sor de Rhum","description":"ORGANISER UNE SOIR\u00c9E DEGUSTATION \u00c0 DOMICILE 100% D\u00c9DI\u00c9E AU RHUM, C\u2019EST ORIGINAL !","publisher":{"@id":"https:\/\/www.tresorderhum.fr\/#organization"},"potentialAction":[{"@type":"SearchAction","target":{"@type":"EntryPoint","urlTemplate":"https:\/\/www.tresorderhum.fr\/?s={search_term_string}"},"query-input":{"@type":"PropertyValueSpecification","valueRequired":true,"valueName":"search_term_string"}}],"inLanguage":"fr-FR"},{"@type":"Organization","@id":"https:\/\/www.tresorderhum.fr\/#organization","name":"Tr\u00e9sor de Rhum","url":"https:\/\/www.tresorderhum.fr\/","logo":{"@type":"ImageObject","inLanguage":"fr-FR","@id":"https:\/\/www.tresorderhum.fr\/#\/schema\/logo\/image\/","url":"https:\/\/www.tresorderhum.fr\/wp-content\/uploads\/2022\/12\/cropped-Tresor-de-rhum-1.png","contentUrl":"https:\/\/www.tresorderhum.fr\/wp-content\/uploads\/2022\/12\/cropped-Tresor-de-rhum-1.png","width":250,"height":250,"caption":"Tr\u00e9sor de Rhum"},"image":{"@id":"https:\/\/www.tresorderhum.fr\/#\/schema\/logo\/image\/"},"sameAs":["https:\/\/www.facebook.com\/tresorderhum\/","https:\/\/www.instagram.com\/tresorderhum\/?hl=fr"]}]}},"_links":{"self":[{"href":"https:\/\/www.tresorderhum.fr\/index.php\/wp-json\/wp\/v2\/pages\/104","targetHints":{"allow":["GET"]}}],"collection":[{"href":"https:\/\/www.tresorderhum.fr\/index.php\/wp-json\/wp\/v2\/pages"}],"about":[{"href":"https:\/\/www.tresorderhum.fr\/index.php\/wp-json\/wp\/v2\/types\/page"}],"author":[{"embeddable":true,"href":"https:\/\/www.tresorderhum.fr\/index.php\/wp-json\/wp\/v2\/users\/1"}],"replies":[{"embeddable":true,"href":"https:\/\/www.tresorderhum.fr\/index.php\/wp-json\/wp\/v2\/comments?post=104"}],"version-history":[{"count":4,"href":"https:\/\/www.tresorderhum.fr\/index.php\/wp-json\/wp\/v2\/pages\/104\/revisions"}],"predecessor-version":[{"id":171,"href":"https:\/\/www.tresorderhum.fr\/index.php\/wp-json\/wp\/v2\/pages\/104\/revisions\/171"}],"up":[{"embeddable":true,"href":"https:\/\/www.tresorderhum.fr\/index.php\/wp-json\/wp\/v2\/pages\/101"}],"wp:featuredmedia":[{"embeddable":true,"href":"https:\/\/www.tresorderhum.fr\/index.php\/wp-json\/wp\/v2\/media\/79"}],"wp:attachment":[{"href":"https:\/\/www.tresorderhum.fr\/index.php\/wp-json\/wp\/v2\/media?parent=104"}],"curies":[{"name":"wp","href":"https:\/\/api.w.org\/{rel}","templated":true}]}}