{"id":22,"date":"2022-12-13T16:02:28","date_gmt":"2022-12-13T15:02:28","guid":{"rendered":"http:\/\/www.tresorderhum.fr\/?page_id=22"},"modified":"2022-12-28T15:59:08","modified_gmt":"2022-12-28T14:59:08","slug":"a-propos-de","status":"publish","type":"page","link":"https:\/\/www.tresorderhum.fr\/index.php\/a-propos-de\/","title":{"rendered":"\u00c0 propos de"},"content":{"rendered":"\n<h2 class=\"has-large-font-size wp-block-heading\"><strong>William LAUREAUX<\/strong><\/h2>\n\n\n\n<p class=\"has-medium-font-size\"><strong>\u2014 Animateur sur Clermont fd \u2014<\/strong><\/p>\n\n\n\n<p>Amateur de rhums depuis une dizaine d\u2019ann\u00e9es, j&rsquo;ai commenc\u00e9 comme beaucoup par le Ron traditionnel puis mes go\u00fbts se sont affut\u00e9s.<\/p>\n\n\n\n<p>Aujourd&rsquo;hui je suis passionn\u00e9 de rhum agricole et de vieillissement dynamique pour sa complexit\u00e9 et son histoire.<\/p>\n\n\n\n<p>J&rsquo;ai eu l&rsquo;occasion de faire de nombreux voyages dans les Cara\u00efbes dont un \u00e0 bord de la sublime brigantine \u00ab\u00a0Tres Hombres\u00a0\u00bb pendant 1 mois entre Barbades et R\u00e9publique Dominicaine.<\/p>\n\n\n\n<p>Toujours dans la qu\u00eate d&rsquo;explorations je participe r\u00e9guli\u00e8rement au Rhum\u2019Fest de Paris et au Bordeaux Rhum Festival.<\/p>\n\n\n\n<p>J&rsquo;ai une collection de plus de 80 r\u00e9f\u00e9rences de rhums.<\/p>\n\n\n\n<p>Pour \u00eatre plus pr\u00e9cis dans mes ateliers j&rsquo;ai \u00e9galement pass\u00e9 les certifications WSET Spirits Niveau 1 et Niveau 2.<\/p>\n\n\n\n<p>(Wine &amp; Spirit Education Trust)<\/p>\n\n\n\n<figure class=\"wp-block-image size-large is-resized is-style-default\"><img loading=\"lazy\" decoding=\"async\" src=\"http:\/\/www.tresorderhum.fr\/wp-content\/uploads\/2022\/12\/2021-12-21-WILLIAM-LAUREAUX_2200-2-683x1024.jpg\" alt=\"\" class=\"wp-image-96\" width=\"683\" height=\"1024\" srcset=\"https:\/\/www.tresorderhum.fr\/wp-content\/uploads\/2022\/12\/2021-12-21-WILLIAM-LAUREAUX_2200-2-683x1024.jpg 683w, https:\/\/www.tresorderhum.fr\/wp-content\/uploads\/2022\/12\/2021-12-21-WILLIAM-LAUREAUX_2200-2-200x300.jpg 200w, https:\/\/www.tresorderhum.fr\/wp-content\/uploads\/2022\/12\/2021-12-21-WILLIAM-LAUREAUX_2200-2-768x1152.jpg 768w, https:\/\/www.tresorderhum.fr\/wp-content\/uploads\/2022\/12\/2021-12-21-WILLIAM-LAUREAUX_2200-2-1024x1536.jpg 1024w, https:\/\/www.tresorderhum.fr\/wp-content\/uploads\/2022\/12\/2021-12-21-WILLIAM-LAUREAUX_2200-2-1366x2048.jpg 1366w, https:\/\/www.tresorderhum.fr\/wp-content\/uploads\/2022\/12\/2021-12-21-WILLIAM-LAUREAUX_2200-2.jpg 1467w\" sizes=\"auto, (max-width: 683px) 100vw, 683px\" \/><\/figure>\n\n\n\n<h2 class=\"has-large-font-size wp-block-heading\"><strong>Pierre Emmanuel CELTAN<\/strong><\/h2>\n\n\n\n<p class=\"has-medium-font-size\"><strong>\u2014 Animateur sur Biarritz \u2014<\/strong><\/p>\n\n\n\n<p>Audiophile et amateur de rhum, j&rsquo;aime associer musique et d\u00e9gustation.<\/p>\n\n\n\n<p>Essentiellement int\u00e9ress\u00e9 par les rhums agricoles antillais, au d\u00e9part, j&rsquo;ai entrepris depuis une dizaine d&rsquo;ann\u00e9es, de d\u00e9couvrir les rhums du monde dans le but de toucher du doigt l&rsquo;immense diversit\u00e9 de techniques, de cultures et d&rsquo;ar\u00f4mes&nbsp;que peut nous offrir la canne \u00e0 sucre.<\/p>\n\n\n\n<p>Chaque d\u00e9gustation est une d\u00e9couverte et le voyage que j&rsquo;ai commenc\u00e9 il y a vingt ans ne cesse de me surprendre.<\/p>\n\n\n\n<p>Ma cave compte une cinquantaine de r\u00e9f\u00e9rences&nbsp;soigneusement s\u00e9lectionn\u00e9es au fil du temps.<\/p>\n\n\n\n<figure class=\"wp-block-image size-large\"><img loading=\"lazy\" decoding=\"async\" width=\"1024\" height=\"799\" src=\"http:\/\/www.tresorderhum.fr\/wp-content\/uploads\/2022\/12\/E92E8146-1024x799.jpg\" alt=\"\" class=\"wp-image-166\" srcset=\"https:\/\/www.tresorderhum.fr\/wp-content\/uploads\/2022\/12\/E92E8146-1024x799.jpg 1024w, https:\/\/www.tresorderhum.fr\/wp-content\/uploads\/2022\/12\/E92E8146-300x234.jpg 300w, https:\/\/www.tresorderhum.fr\/wp-content\/uploads\/2022\/12\/E92E8146-768x599.jpg 768w, https:\/\/www.tresorderhum.fr\/wp-content\/uploads\/2022\/12\/E92E8146-1536x1199.jpg 1536w, https:\/\/www.tresorderhum.fr\/wp-content\/uploads\/2022\/12\/E92E8146-2048x1598.jpg 2048w\" sizes=\"auto, (max-width: 767px) 89vw, (max-width: 1000px) 54vw, (max-width: 1071px) 543px, 580px\" \/><\/figure>\n\n\n\n<p><br><\/p>\n","protected":false},"excerpt":{"rendered":"<p>William LAUREAUX \u2014 Animateur sur Clermont fd \u2014 Amateur de rhums depuis une dizaine d\u2019ann\u00e9es, j&rsquo;ai commenc\u00e9 comme beaucoup par le Ron traditionnel puis mes go\u00fbts se sont affut\u00e9s. Aujourd&rsquo;hui je suis passionn\u00e9 de rhum agricole et de vieillissement dynamique pour sa complexit\u00e9 et son histoire. J&rsquo;ai eu l&rsquo;occasion de faire de nombreux voyages dans &hellip; <\/p>\n<p class=\"link-more\"><a href=\"https:\/\/www.tresorderhum.fr\/index.php\/a-propos-de\/\" class=\"more-link\">Continuer la lecture<span class=\"screen-reader-text\"> de &laquo;&nbsp;\u00c0 propos de&nbsp;&raquo;<\/span><\/a><\/p>\n","protected":false},"author":1,"featured_media":80,"parent":0,"menu_order":0,"comment_status":"closed","ping_status":"closed","template":"","meta":{"footnotes":""},"class_list":["post-22","page","type-page","status-publish","has-post-thumbnail","hentry"],"yoast_head":"<!-- This site is optimized with the Yoast SEO plugin v27.4 - https:\/\/yoast.com\/product\/yoast-seo-wordpress\/ -->\n<title>\u00c0 propos de - Tr\u00e9sor de Rhum<\/title>\n<meta name=\"robots\" content=\"index, follow, max-snippet:-1, max-image-preview:large, max-video-preview:-1\" \/>\n<link rel=\"canonical\" href=\"https:\/\/www.tresorderhum.fr\/index.php\/a-propos-de\/\" \/>\n<meta property=\"og:locale\" content=\"fr_FR\" \/>\n<meta property=\"og:type\" content=\"article\" \/>\n<meta property=\"og:title\" content=\"\u00c0 propos de - Tr\u00e9sor de Rhum\" \/>\n<meta property=\"og:description\" content=\"William LAUREAUX \u2014 Animateur sur Clermont fd \u2014 Amateur de rhums depuis une dizaine d\u2019ann\u00e9es, j&rsquo;ai commenc\u00e9 comme beaucoup par le Ron traditionnel puis mes go\u00fbts se sont affut\u00e9s. Aujourd&rsquo;hui je suis passionn\u00e9 de rhum agricole et de vieillissement dynamique pour sa complexit\u00e9 et son histoire. J&rsquo;ai eu l&rsquo;occasion de faire de nombreux voyages dans &hellip; Continuer la lecture de &laquo;&nbsp;\u00c0 propos de&nbsp;&raquo;\" \/>\n<meta property=\"og:url\" content=\"https:\/\/www.tresorderhum.fr\/index.php\/a-propos-de\/\" \/>\n<meta property=\"og:site_name\" content=\"Tr\u00e9sor de Rhum\" \/>\n<meta property=\"article:publisher\" content=\"https:\/\/www.facebook.com\/tresorderhum\/\" \/>\n<meta property=\"article:modified_time\" content=\"2022-12-28T14:59:08+00:00\" \/>\n<meta property=\"og:image\" content=\"https:\/\/www.tresorderhum.fr\/wp-content\/uploads\/2022\/12\/AdobeStock_341256874-3-scaled.jpeg\" \/>\n\t<meta property=\"og:image:width\" content=\"1707\" \/>\n\t<meta property=\"og:image:height\" content=\"2560\" \/>\n\t<meta property=\"og:image:type\" content=\"image\/jpeg\" \/>\n<meta name=\"twitter:card\" content=\"summary_large_image\" \/>\n<meta name=\"twitter:label1\" content=\"Dur\u00e9e de lecture estim\u00e9e\" \/>\n\t<meta name=\"twitter:data1\" content=\"2 minutes\" \/>\n<script type=\"application\/ld+json\" class=\"yoast-schema-graph\">{\"@context\":\"https:\\\/\\\/schema.org\",\"@graph\":[{\"@type\":\"WebPage\",\"@id\":\"https:\\\/\\\/www.tresorderhum.fr\\\/index.php\\\/a-propos-de\\\/\",\"url\":\"https:\\\/\\\/www.tresorderhum.fr\\\/index.php\\\/a-propos-de\\\/\",\"name\":\"\u00c0 propos de - Tr\u00e9sor de Rhum\",\"isPartOf\":{\"@id\":\"https:\\\/\\\/www.tresorderhum.fr\\\/#website\"},\"primaryImageOfPage\":{\"@id\":\"https:\\\/\\\/www.tresorderhum.fr\\\/index.php\\\/a-propos-de\\\/#primaryimage\"},\"image\":{\"@id\":\"https:\\\/\\\/www.tresorderhum.fr\\\/index.php\\\/a-propos-de\\\/#primaryimage\"},\"thumbnailUrl\":\"https:\\\/\\\/www.tresorderhum.fr\\\/wp-content\\\/uploads\\\/2022\\\/12\\\/AdobeStock_341256874-3-scaled.jpeg\",\"datePublished\":\"2022-12-13T15:02:28+00:00\",\"dateModified\":\"2022-12-28T14:59:08+00:00\",\"breadcrumb\":{\"@id\":\"https:\\\/\\\/www.tresorderhum.fr\\\/index.php\\\/a-propos-de\\\/#breadcrumb\"},\"inLanguage\":\"fr-FR\",\"potentialAction\":[{\"@type\":\"ReadAction\",\"target\":[\"https:\\\/\\\/www.tresorderhum.fr\\\/index.php\\\/a-propos-de\\\/\"]}]},{\"@type\":\"ImageObject\",\"inLanguage\":\"fr-FR\",\"@id\":\"https:\\\/\\\/www.tresorderhum.fr\\\/index.php\\\/a-propos-de\\\/#primaryimage\",\"url\":\"https:\\\/\\\/www.tresorderhum.fr\\\/wp-content\\\/uploads\\\/2022\\\/12\\\/AdobeStock_341256874-3-scaled.jpeg\",\"contentUrl\":\"https:\\\/\\\/www.tresorderhum.fr\\\/wp-content\\\/uploads\\\/2022\\\/12\\\/AdobeStock_341256874-3-scaled.jpeg\",\"width\":1707,\"height\":2560,\"caption\":\"Hand crafted cognac in the old distillery warehouse\"},{\"@type\":\"BreadcrumbList\",\"@id\":\"https:\\\/\\\/www.tresorderhum.fr\\\/index.php\\\/a-propos-de\\\/#breadcrumb\",\"itemListElement\":[{\"@type\":\"ListItem\",\"position\":1,\"name\":\"Accueil\",\"item\":\"https:\\\/\\\/www.tresorderhum.fr\\\/\"},{\"@type\":\"ListItem\",\"position\":2,\"name\":\"\u00c0 propos de\"}]},{\"@type\":\"WebSite\",\"@id\":\"https:\\\/\\\/www.tresorderhum.fr\\\/#website\",\"url\":\"https:\\\/\\\/www.tresorderhum.fr\\\/\",\"name\":\"Tr\u00e9sor de Rhum\",\"description\":\"ORGANISER UNE SOIR\u00c9E DEGUSTATION \u00c0 DOMICILE 100% D\u00c9DI\u00c9E AU RHUM, C\u2019EST ORIGINAL !\",\"publisher\":{\"@id\":\"https:\\\/\\\/www.tresorderhum.fr\\\/#organization\"},\"potentialAction\":[{\"@type\":\"SearchAction\",\"target\":{\"@type\":\"EntryPoint\",\"urlTemplate\":\"https:\\\/\\\/www.tresorderhum.fr\\\/?s={search_term_string}\"},\"query-input\":{\"@type\":\"PropertyValueSpecification\",\"valueRequired\":true,\"valueName\":\"search_term_string\"}}],\"inLanguage\":\"fr-FR\"},{\"@type\":\"Organization\",\"@id\":\"https:\\\/\\\/www.tresorderhum.fr\\\/#organization\",\"name\":\"Tr\u00e9sor de Rhum\",\"url\":\"https:\\\/\\\/www.tresorderhum.fr\\\/\",\"logo\":{\"@type\":\"ImageObject\",\"inLanguage\":\"fr-FR\",\"@id\":\"https:\\\/\\\/www.tresorderhum.fr\\\/#\\\/schema\\\/logo\\\/image\\\/\",\"url\":\"https:\\\/\\\/www.tresorderhum.fr\\\/wp-content\\\/uploads\\\/2022\\\/12\\\/cropped-Tresor-de-rhum-1.png\",\"contentUrl\":\"https:\\\/\\\/www.tresorderhum.fr\\\/wp-content\\\/uploads\\\/2022\\\/12\\\/cropped-Tresor-de-rhum-1.png\",\"width\":250,\"height\":250,\"caption\":\"Tr\u00e9sor de Rhum\"},\"image\":{\"@id\":\"https:\\\/\\\/www.tresorderhum.fr\\\/#\\\/schema\\\/logo\\\/image\\\/\"},\"sameAs\":[\"https:\\\/\\\/www.facebook.com\\\/tresorderhum\\\/\",\"https:\\\/\\\/www.instagram.com\\\/tresorderhum\\\/?hl=fr\"]}]}<\/script>\n<!-- \/ Yoast SEO plugin. -->","yoast_head_json":{"title":"\u00c0 propos de - Tr\u00e9sor de Rhum","robots":{"index":"index","follow":"follow","max-snippet":"max-snippet:-1","max-image-preview":"max-image-preview:large","max-video-preview":"max-video-preview:-1"},"canonical":"https:\/\/www.tresorderhum.fr\/index.php\/a-propos-de\/","og_locale":"fr_FR","og_type":"article","og_title":"\u00c0 propos de - Tr\u00e9sor de Rhum","og_description":"William LAUREAUX \u2014 Animateur sur Clermont fd \u2014 Amateur de rhums depuis une dizaine d\u2019ann\u00e9es, j&rsquo;ai commenc\u00e9 comme beaucoup par le Ron traditionnel puis mes go\u00fbts se sont affut\u00e9s. Aujourd&rsquo;hui je suis passionn\u00e9 de rhum agricole et de vieillissement dynamique pour sa complexit\u00e9 et son histoire. J&rsquo;ai eu l&rsquo;occasion de faire de nombreux voyages dans &hellip; Continuer la lecture de &laquo;&nbsp;\u00c0 propos de&nbsp;&raquo;","og_url":"https:\/\/www.tresorderhum.fr\/index.php\/a-propos-de\/","og_site_name":"Tr\u00e9sor de Rhum","article_publisher":"https:\/\/www.facebook.com\/tresorderhum\/","article_modified_time":"2022-12-28T14:59:08+00:00","og_image":[{"width":1707,"height":2560,"url":"https:\/\/www.tresorderhum.fr\/wp-content\/uploads\/2022\/12\/AdobeStock_341256874-3-scaled.jpeg","type":"image\/jpeg"}],"twitter_card":"summary_large_image","twitter_misc":{"Dur\u00e9e de lecture estim\u00e9e":"2 minutes"},"schema":{"@context":"https:\/\/schema.org","@graph":[{"@type":"WebPage","@id":"https:\/\/www.tresorderhum.fr\/index.php\/a-propos-de\/","url":"https:\/\/www.tresorderhum.fr\/index.php\/a-propos-de\/","name":"\u00c0 propos de - Tr\u00e9sor de Rhum","isPartOf":{"@id":"https:\/\/www.tresorderhum.fr\/#website"},"primaryImageOfPage":{"@id":"https:\/\/www.tresorderhum.fr\/index.php\/a-propos-de\/#primaryimage"},"image":{"@id":"https:\/\/www.tresorderhum.fr\/index.php\/a-propos-de\/#primaryimage"},"thumbnailUrl":"https:\/\/www.tresorderhum.fr\/wp-content\/uploads\/2022\/12\/AdobeStock_341256874-3-scaled.jpeg","datePublished":"2022-12-13T15:02:28+00:00","dateModified":"2022-12-28T14:59:08+00:00","breadcrumb":{"@id":"https:\/\/www.tresorderhum.fr\/index.php\/a-propos-de\/#breadcrumb"},"inLanguage":"fr-FR","potentialAction":[{"@type":"ReadAction","target":["https:\/\/www.tresorderhum.fr\/index.php\/a-propos-de\/"]}]},{"@type":"ImageObject","inLanguage":"fr-FR","@id":"https:\/\/www.tresorderhum.fr\/index.php\/a-propos-de\/#primaryimage","url":"https:\/\/www.tresorderhum.fr\/wp-content\/uploads\/2022\/12\/AdobeStock_341256874-3-scaled.jpeg","contentUrl":"https:\/\/www.tresorderhum.fr\/wp-content\/uploads\/2022\/12\/AdobeStock_341256874-3-scaled.jpeg","width":1707,"height":2560,"caption":"Hand crafted cognac in the old distillery warehouse"},{"@type":"BreadcrumbList","@id":"https:\/\/www.tresorderhum.fr\/index.php\/a-propos-de\/#breadcrumb","itemListElement":[{"@type":"ListItem","position":1,"name":"Accueil","item":"https:\/\/www.tresorderhum.fr\/"},{"@type":"ListItem","position":2,"name":"\u00c0 propos de"}]},{"@type":"WebSite","@id":"https:\/\/www.tresorderhum.fr\/#website","url":"https:\/\/www.tresorderhum.fr\/","name":"Tr\u00e9sor de Rhum","description":"ORGANISER UNE SOIR\u00c9E DEGUSTATION \u00c0 DOMICILE 100% D\u00c9DI\u00c9E AU RHUM, C\u2019EST ORIGINAL !","publisher":{"@id":"https:\/\/www.tresorderhum.fr\/#organization"},"potentialAction":[{"@type":"SearchAction","target":{"@type":"EntryPoint","urlTemplate":"https:\/\/www.tresorderhum.fr\/?s={search_term_string}"},"query-input":{"@type":"PropertyValueSpecification","valueRequired":true,"valueName":"search_term_string"}}],"inLanguage":"fr-FR"},{"@type":"Organization","@id":"https:\/\/www.tresorderhum.fr\/#organization","name":"Tr\u00e9sor de Rhum","url":"https:\/\/www.tresorderhum.fr\/","logo":{"@type":"ImageObject","inLanguage":"fr-FR","@id":"https:\/\/www.tresorderhum.fr\/#\/schema\/logo\/image\/","url":"https:\/\/www.tresorderhum.fr\/wp-content\/uploads\/2022\/12\/cropped-Tresor-de-rhum-1.png","contentUrl":"https:\/\/www.tresorderhum.fr\/wp-content\/uploads\/2022\/12\/cropped-Tresor-de-rhum-1.png","width":250,"height":250,"caption":"Tr\u00e9sor de Rhum"},"image":{"@id":"https:\/\/www.tresorderhum.fr\/#\/schema\/logo\/image\/"},"sameAs":["https:\/\/www.facebook.com\/tresorderhum\/","https:\/\/www.instagram.com\/tresorderhum\/?hl=fr"]}]}},"_links":{"self":[{"href":"https:\/\/www.tresorderhum.fr\/index.php\/wp-json\/wp\/v2\/pages\/22","targetHints":{"allow":["GET"]}}],"collection":[{"href":"https:\/\/www.tresorderhum.fr\/index.php\/wp-json\/wp\/v2\/pages"}],"about":[{"href":"https:\/\/www.tresorderhum.fr\/index.php\/wp-json\/wp\/v2\/types\/page"}],"author":[{"embeddable":true,"href":"https:\/\/www.tresorderhum.fr\/index.php\/wp-json\/wp\/v2\/users\/1"}],"replies":[{"embeddable":true,"href":"https:\/\/www.tresorderhum.fr\/index.php\/wp-json\/wp\/v2\/comments?post=22"}],"version-history":[{"count":8,"href":"https:\/\/www.tresorderhum.fr\/index.php\/wp-json\/wp\/v2\/pages\/22\/revisions"}],"predecessor-version":[{"id":168,"href":"https:\/\/www.tresorderhum.fr\/index.php\/wp-json\/wp\/v2\/pages\/22\/revisions\/168"}],"wp:featuredmedia":[{"embeddable":true,"href":"https:\/\/www.tresorderhum.fr\/index.php\/wp-json\/wp\/v2\/media\/80"}],"wp:attachment":[{"href":"https:\/\/www.tresorderhum.fr\/index.php\/wp-json\/wp\/v2\/media?parent=22"}],"curies":[{"name":"wp","href":"https:\/\/api.w.org\/{rel}","templated":true}]}}